{"id":3038,"date":"2019-02-27T16:28:22","date_gmt":"2019-02-27T16:28:22","guid":{"rendered":"https:\/\/www.breconfoods.com\/about\/"},"modified":"2021-03-04T15:00:38","modified_gmt":"2021-03-04T15:00:38","slug":"a-propos","status":"publish","type":"page","link":"https:\/\/www.breconfoods.com\/fr\/a-propos\/","title":{"rendered":"\u00c0 propos"},"content":{"rendered":"<div class=\"fusion-fullwidth fullwidth-box fusion-builder-row-1 fusion-flex-container nonhundred-percent-fullwidth non-hundred-percent-height-scrolling\" style=\"--awb-border-radius-top-left:0px;--awb-border-radius-top-right:0px;--awb-border-radius-bottom-right:0px;--awb-border-radius-bottom-left:0px;--awb-padding-bottom:55px;--awb-flex-wrap:wrap;\" ><div class=\"fusion-builder-row fusion-row fusion-flex-align-items-flex-start fusion-flex-content-wrap\" style=\"max-width:1404px;margin-left: calc(-4% \/ 2 );margin-right: calc(-4% \/ 2 );\"><div class=\"fusion-layout-column fusion_builder_column fusion-builder-column-0 fusion_builder_column_1_2 1_2 fusion-flex-column\" style=\"--awb-padding-right:10%;--awb-padding-left:7%;--awb-bg-color:rgba(255,255,255,0.75);--awb-bg-color-hover:rgba(255,255,255,0.75);--awb-bg-image:url(&#039;https:\/\/www.breconfoods.com\/wp-content\/uploads\/2020\/10\/Untitled-design-34-1.png&#039;);--awb-bg-blend:overlay;--awb-bg-size:cover;--awb-box-shadow:0px 0px 20px 0px rgba(0,0,0,0.05);;--awb-border-color:#ffffff;--awb-border-top:15px;--awb-border-right:15px;--awb-border-bottom:15px;--awb-border-left:15px;--awb-border-style:solid;--awb-width-large:50%;--awb-margin-top-large:-6%;--awb-spacing-right-large:5.76%;--awb-margin-bottom-large:10px;--awb-spacing-left-large:3.84%;--awb-width-medium:100%;--awb-order-medium:0;--awb-spacing-right-medium:1.92%;--awb-spacing-left-medium:1.92%;--awb-width-small:100%;--awb-order-small:0;--awb-spacing-right-small:1.92%;--awb-spacing-left-small:1.92%;\"><div class=\"fusion-column-wrapper fusion-column-has-shadow fusion-flex-justify-content-flex-start fusion-content-layout-column fusion-column-has-bg-image\" data-bg-url=\"https:\/\/www.breconfoods.com\/wp-content\/uploads\/2020\/10\/Untitled-design-34-1.png\"><div class=\"fusion-separator fusion-full-width-sep\" style=\"align-self: center;margin-left: auto;margin-right: auto;margin-top:35px;width:100%;\"><\/div><div class=\"fusion-title title fusion-title-1 fusion-title-text fusion-title-size-one\" style=\"--awb-margin-top:60px;\"><div class=\"title-sep-container title-sep-container-left fusion-no-large-visibility fusion-no-medium-visibility fusion-no-small-visibility\"><div class=\"title-sep sep-single sep-dotted\" style=\"border-color:#e0dede;\"><\/div><\/div><span class=\"awb-title-spacer fusion-no-large-visibility fusion-no-medium-visibility fusion-no-small-visibility\"><\/span><h1 class=\"fusion-title-heading title-heading-left fusion-responsive-typography-calculated\" style=\"font-family:&quot;Great Vibes&quot;;font-style:normal;font-weight:400;margin:0;--fontSize:45;line-height:1.22;\">Notre mission<\/h1><span class=\"awb-title-spacer\"><\/span><div class=\"title-sep-container title-sep-container-right\"><div class=\"title-sep sep-single sep-dotted\" style=\"border-color:#e0dede;\"><\/div><\/div><\/div><div class=\"fusion-text fusion-text-1\" style=\"--awb-font-size:25px;\"><p>Aider nos clients \u00e0 trouver et \u00e0 s&rsquo;approvisionner en aliments surgel\u00e9s de tr\u00e8s haute qualit\u00e9, de source \u00e9thique, de part et d\u2019autre du globe.<\/p>\n<\/div><div class=\"fusion-separator fusion-full-width-sep\" style=\"align-self: center;margin-left: auto;margin-right: auto;margin-top:25px;width:100%;\"><\/div><iframe width=\"560\" height=\"315\" src=\"https:\/\/www.youtube.com\/embed\/dstSzKYU0Oo\" frameborder=\"0\" allow=\"accelerometer; autoplay; clipboard-write; encrypted-media; gyroscope; picture-in-picture\" allowfullscreen><\/iframe><div class=\"fusion-separator fusion-full-width-sep\" style=\"align-self: center;margin-left: auto;margin-right: auto;margin-top:45px;width:100%;\"><\/div><\/div><\/div><div class=\"fusion-layout-column fusion_builder_column fusion-builder-column-1 fusion_builder_column_1_2 1_2 fusion-flex-column\" style=\"--awb-bg-color:rgba(255,255,255,0);--awb-bg-color-hover:rgba(255,255,255,0);--awb-bg-size:cover;--awb-width-large:50%;--awb-margin-top-large:10px;--awb-spacing-right-large:3.84%;--awb-margin-bottom-large:10px;--awb-spacing-left-large:9.6%;--awb-width-medium:100%;--awb-order-medium:0;--awb-spacing-right-medium:1.92%;--awb-spacing-left-medium:1.92%;--awb-width-small:100%;--awb-order-small:0;--awb-spacing-right-small:1.92%;--awb-spacing-left-small:1.92%;\"><div class=\"fusion-column-wrapper fusion-column-has-shadow fusion-flex-justify-content-flex-start fusion-content-layout-column\"><div class=\"fusion-title title fusion-title-2 fusion-title-text fusion-title-size-two\"><div class=\"title-sep-container title-sep-container-left fusion-no-large-visibility fusion-no-medium-visibility fusion-no-small-visibility\"><div class=\"title-sep sep-single sep-dotted\" style=\"border-color:#e0dede;\"><\/div><\/div><span class=\"awb-title-spacer fusion-no-large-visibility fusion-no-medium-visibility fusion-no-small-visibility\"><\/span><h2 class=\"fusion-title-heading title-heading-left fusion-responsive-typography-calculated\" style=\"margin:0;--fontSize:21;--minFontSize:21;line-height:1.61;\">Chef de file de l&rsquo;industrie dans le d\u00e9veloppement du commerce international<\/h2><span class=\"awb-title-spacer\"><\/span><div class=\"title-sep-container title-sep-container-right\"><div class=\"title-sep sep-single sep-dotted\" style=\"border-color:#e0dede;\"><\/div><\/div><\/div><div class=\"fusion-text fusion-text-2\"><p>Fond\u00e9e en 1990 et construite sur des valeurs familiales fondamentales, Les Aliments Brecon a grandi au diapason avec l\u2019industrie internationale des aliments surgel\u00e9s tout au long des trois derni\u00e8res d\u00e9cennies.<\/p>\n<p>Nos activit\u00e9s reposent sur des relations de longue date \u00e0 travers la cha\u00eene d\u2019approvisionnement et sur l\u2019engagement de notre personnel d\u00e9vou\u00e9, qui poss\u00e8de un niveau d\u2019expertise in\u00e9gal\u00e9 au sein de l\u2019industrie. Avec un r\u00e9seau en croissance constante, r\u00e9parti sur 60 pays et les 6 continents, notre \u00e9quipe multiculturelle et multilingue est harmonieusement int\u00e9gr\u00e9e et connaissante des sp\u00e9cificit\u00e9s locales. En vous associant aux Aliments Brecon, vous travaillerez en \u00e9troite collaboration avec des personnes hautement qualifi\u00e9es dans la vente, dans la planification logistique, dans l\u2019assurance qualit\u00e9 et vous serez \u00e9paul\u00e9 par une \u00e9quipe en finance qui vous aidera \u00e0 formuler parall\u00e8lement la meilleure approche pour vos affaires, en aval ou en amont.<\/p>\n<p>Depuis d\u00e9j\u00e0 30 ans, notre soci\u00e9t\u00e9 b\u00e2tit et entretient des relations inestimables avec des partenaires du monde entier. Nous nous sp\u00e9cialisons dans tous les principaux segments de l\u2019industrie des aliments surgel\u00e9s, avec une r\u00e9ussite marqu\u00e9e dans les domaines des fruits, des l\u00e9gumes, des viandes et volailles.<\/p>\n<\/div><\/div><\/div><\/div><\/div>\n","protected":false},"excerpt":{"rendered":"","protected":false},"author":1,"featured_media":0,"parent":0,"menu_order":0,"comment_status":"closed","ping_status":"closed","template":"100-width.php","meta":{"footnotes":""},"class_list":["post-3038","page","type-page","status-publish","hentry"],"yoast_head":"<!-- This site is optimized with the Yoast SEO plugin v24.1 - https:\/\/yoast.com\/wordpress\/plugins\/seo\/ -->\n<title>\u00c0 propos - Brecon Foods - Aliments surgel\u00e9s internationale<\/title>\n<meta name=\"description\" content=\"Fond\u00e9e en 1990 et construite sur des valeurs familiales, Les Aliments Brecon a grandi au diapason avec l\u2019industrie des aliments surgel\u00e9s\" \/>\n<meta name=\"robots\" content=\"index, follow, max-snippet:-1, max-image-preview:large, max-video-preview:-1\" \/>\n<link rel=\"canonical\" href=\"https:\/\/www.breconfoods.com\/fr\/a-propos\/\" \/>\n<meta property=\"og:locale\" content=\"fr_FR\" \/>\n<meta property=\"og:type\" content=\"article\" \/>\n<meta property=\"og:title\" content=\"\u00c0 propos - Brecon Foods - Aliments surgel\u00e9s internationale\" \/>\n<meta property=\"og:description\" content=\"Fond\u00e9e en 1990 et construite sur des valeurs familiales, Les Aliments Brecon a grandi au diapason avec l\u2019industrie des aliments surgel\u00e9s\" \/>\n<meta property=\"og:url\" content=\"https:\/\/www.breconfoods.com\/fr\/a-propos\/\" \/>\n<meta property=\"og:site_name\" content=\"Brecon Foods\" \/>\n<meta property=\"article:modified_time\" content=\"2021-03-04T15:00:38+00:00\" \/>\n<meta name=\"twitter:card\" content=\"summary_large_image\" \/>\n<meta name=\"twitter:label1\" content=\"Dur\u00e9e de lecture estim\u00e9e\" \/>\n\t<meta name=\"twitter:data1\" content=\"8 minutes\" \/>\n<script type=\"application\/ld+json\" class=\"yoast-schema-graph\">{\"@context\":\"https:\/\/schema.org\",\"@graph\":[{\"@type\":\"WebPage\",\"@id\":\"https:\/\/www.breconfoods.com\/fr\/a-propos\/\",\"url\":\"https:\/\/www.breconfoods.com\/fr\/a-propos\/\",\"name\":\"\u00c0 propos - Brecon Foods - Aliments surgel\u00e9s internationale\",\"isPartOf\":{\"@id\":\"https:\/\/www.breconfoods.com\/fr\/#website\"},\"datePublished\":\"2019-02-27T16:28:22+00:00\",\"dateModified\":\"2021-03-04T15:00:38+00:00\",\"description\":\"Fond\u00e9e en 1990 et construite sur des valeurs familiales, Les Aliments Brecon a grandi au diapason avec l\u2019industrie des aliments surgel\u00e9s\",\"breadcrumb\":{\"@id\":\"https:\/\/www.breconfoods.com\/fr\/a-propos\/#breadcrumb\"},\"inLanguage\":\"fr-FR\",\"potentialAction\":[{\"@type\":\"ReadAction\",\"target\":[\"https:\/\/www.breconfoods.com\/fr\/a-propos\/\"]}]},{\"@type\":\"BreadcrumbList\",\"@id\":\"https:\/\/www.breconfoods.com\/fr\/a-propos\/#breadcrumb\",\"itemListElement\":[{\"@type\":\"ListItem\",\"position\":1,\"name\":\"Home\",\"item\":\"https:\/\/www.breconfoods.com\/fr\/\"},{\"@type\":\"ListItem\",\"position\":2,\"name\":\"\u00c0 propos\"}]},{\"@type\":\"WebSite\",\"@id\":\"https:\/\/www.breconfoods.com\/fr\/#website\",\"url\":\"https:\/\/www.breconfoods.com\/fr\/\",\"name\":\"Brecon Foods\",\"description\":\"Global Food Merchants\",\"potentialAction\":[{\"@type\":\"SearchAction\",\"target\":{\"@type\":\"EntryPoint\",\"urlTemplate\":\"https:\/\/www.breconfoods.com\/fr\/?s={search_term_string}\"},\"query-input\":{\"@type\":\"PropertyValueSpecification\",\"valueRequired\":true,\"valueName\":\"search_term_string\"}}],\"inLanguage\":\"fr-FR\"}]}<\/script>\n<!-- \/ Yoast SEO plugin. -->","yoast_head_json":{"title":"\u00c0 propos - Brecon Foods - Aliments surgel\u00e9s internationale","description":"Fond\u00e9e en 1990 et construite sur des valeurs familiales, Les Aliments Brecon a grandi au diapason avec l\u2019industrie des aliments surgel\u00e9s","robots":{"index":"index","follow":"follow","max-snippet":"max-snippet:-1","max-image-preview":"max-image-preview:large","max-video-preview":"max-video-preview:-1"},"canonical":"https:\/\/www.breconfoods.com\/fr\/a-propos\/","og_locale":"fr_FR","og_type":"article","og_title":"\u00c0 propos - Brecon Foods - Aliments surgel\u00e9s internationale","og_description":"Fond\u00e9e en 1990 et construite sur des valeurs familiales, Les Aliments Brecon a grandi au diapason avec l\u2019industrie des aliments surgel\u00e9s","og_url":"https:\/\/www.breconfoods.com\/fr\/a-propos\/","og_site_name":"Brecon Foods","article_modified_time":"2021-03-04T15:00:38+00:00","twitter_card":"summary_large_image","twitter_misc":{"Dur\u00e9e de lecture estim\u00e9e":"8 minutes"},"schema":{"@context":"https:\/\/schema.org","@graph":[{"@type":"WebPage","@id":"https:\/\/www.breconfoods.com\/fr\/a-propos\/","url":"https:\/\/www.breconfoods.com\/fr\/a-propos\/","name":"\u00c0 propos - Brecon Foods - Aliments surgel\u00e9s internationale","isPartOf":{"@id":"https:\/\/www.breconfoods.com\/fr\/#website"},"datePublished":"2019-02-27T16:28:22+00:00","dateModified":"2021-03-04T15:00:38+00:00","description":"Fond\u00e9e en 1990 et construite sur des valeurs familiales, Les Aliments Brecon a grandi au diapason avec l\u2019industrie des aliments surgel\u00e9s","breadcrumb":{"@id":"https:\/\/www.breconfoods.com\/fr\/a-propos\/#breadcrumb"},"inLanguage":"fr-FR","potentialAction":[{"@type":"ReadAction","target":["https:\/\/www.breconfoods.com\/fr\/a-propos\/"]}]},{"@type":"BreadcrumbList","@id":"https:\/\/www.breconfoods.com\/fr\/a-propos\/#breadcrumb","itemListElement":[{"@type":"ListItem","position":1,"name":"Home","item":"https:\/\/www.breconfoods.com\/fr\/"},{"@type":"ListItem","position":2,"name":"\u00c0 propos"}]},{"@type":"WebSite","@id":"https:\/\/www.breconfoods.com\/fr\/#website","url":"https:\/\/www.breconfoods.com\/fr\/","name":"Brecon Foods","description":"Global Food Merchants","potentialAction":[{"@type":"SearchAction","target":{"@type":"EntryPoint","urlTemplate":"https:\/\/www.breconfoods.com\/fr\/?s={search_term_string}"},"query-input":{"@type":"PropertyValueSpecification","valueRequired":true,"valueName":"search_term_string"}}],"inLanguage":"fr-FR"}]}},"_links":{"self":[{"href":"https:\/\/www.breconfoods.com\/fr\/wp-json\/wp\/v2\/pages\/3038","targetHints":{"allow":["GET"]}}],"collection":[{"href":"https:\/\/www.breconfoods.com\/fr\/wp-json\/wp\/v2\/pages"}],"about":[{"href":"https:\/\/www.breconfoods.com\/fr\/wp-json\/wp\/v2\/types\/page"}],"author":[{"embeddable":true,"href":"https:\/\/www.breconfoods.com\/fr\/wp-json\/wp\/v2\/users\/1"}],"replies":[{"embeddable":true,"href":"https:\/\/www.breconfoods.com\/fr\/wp-json\/wp\/v2\/comments?post=3038"}],"version-history":[{"count":3,"href":"https:\/\/www.breconfoods.com\/fr\/wp-json\/wp\/v2\/pages\/3038\/revisions"}],"predecessor-version":[{"id":3445,"href":"https:\/\/www.breconfoods.com\/fr\/wp-json\/wp\/v2\/pages\/3038\/revisions\/3445"}],"wp:attachment":[{"href":"https:\/\/www.breconfoods.com\/fr\/wp-json\/wp\/v2\/media?parent=3038"}],"curies":[{"name":"wp","href":"https:\/\/api.w.org\/{rel}","templated":true}]}}