{"id":3049,"date":"2019-03-15T10:02:47","date_gmt":"2019-03-15T10:02:47","guid":{"rendered":"https:\/\/www.breconfoods.com\/products\/"},"modified":"2023-04-11T19:02:33","modified_gmt":"2023-04-11T19:02:33","slug":"produits","status":"publish","type":"page","link":"https:\/\/www.breconfoods.com\/fr\/produits\/","title":{"rendered":"Produits"},"content":{"rendered":"<div class=\"fusion-fullwidth fullwidth-box fusion-builder-row-1 fusion-flex-container nonhundred-percent-fullwidth non-hundred-percent-height-scrolling\" style=\"--awb-border-radius-top-left:0px;--awb-border-radius-top-right:0px;--awb-border-radius-bottom-right:0px;--awb-border-radius-bottom-left:0px;--awb-padding-top:30px;--awb-padding-right:35px;--awb-padding-bottom:15px;--awb-padding-left:35px;--awb-margin-top:-6%;--awb-background-color:#ffffff;--awb-flex-wrap:wrap;\" ><div class=\"fusion-builder-row fusion-row fusion-flex-align-items-flex-start fusion-flex-content-wrap\" style=\"max-width:1404px;margin-left: calc(-4% \/ 2 );margin-right: calc(-4% \/ 2 );\"><div class=\"fusion-layout-column fusion_builder_column fusion-builder-column-0 fusion_builder_column_1_3 1_3 fusion-flex-column fusion-column-inner-bg-wrapper\" style=\"--awb-padding-top:40px;--awb-inner-bg-image:url(&#039;https:\/\/www.breconfoods.com\/wp-content\/uploads\/2020\/09\/Frozen_Peas_In_Bowl-1-scaled-e1604068976608.jpeg&#039;);--awb-inner-bg-position:center center;--awb-inner-bg-size:cover;--awb-box-shadow:0px 0px 20px 0px rgba(0,0,0,0.05);;--awb-width-large:33.333333333333%;--awb-margin-top-large:10px;--awb-spacing-right-large:5.76%;--awb-margin-bottom-large:32px;--awb-spacing-left-large:5.76%;--awb-width-medium:100%;--awb-order-medium:0;--awb-spacing-right-medium:1.92%;--awb-spacing-left-medium:1.92%;--awb-width-small:100%;--awb-order-small:0;--awb-spacing-right-small:1.92%;--awb-spacing-left-small:1.92%;\"><span class=\"fusion-column-inner-bg hover-type-zoomin\"><a class=\"fusion-column-anchor\" href=\"https:\/\/www.breconfoods.com\/fr\/produits\/legumes-surgeles\/\"><span class=\"fusion-column-inner-bg-image\"><\/span><\/a><\/span><div class=\"fusion-column-wrapper fusion-column-has-shadow fusion-flex-justify-content-center fusion-content-layout-column fusion-column-has-bg-image\" data-bg-url=\"https:\/\/www.breconfoods.com\/wp-content\/uploads\/2020\/09\/Frozen_Peas_In_Bowl-1-scaled-e1604068976608.jpeg\"><div ><a class=\"fusion-button button-flat button-large button-custom fusion-button-default button-1 fusion-button-default-span fusion-button-default-type fusion-has-button-gradient\" style=\"--button_accent_color:#161616;--button_border_color:#161616;--button_accent_hover_color:#ededed;--button_border_hover_color:#ffffff;--button-border-radius-top-left:0px;--button-border-radius-top-right:0px;--button-border-radius-bottom-right:0px;--button-border-radius-bottom-left:0px;--button_gradient_top_color:#ffffff;--button_gradient_bottom_color:#ffffff;--button_gradient_top_color_hover:#036637;--button_gradient_bottom_color_hover:#0e5647;\" target=\"_self\" href=\"https:\/\/www.breconfoods.com\/products\/frozen-veggies\/\"><span class=\"fusion-button-text\">L\u00e9gumes surgel\u00e9s<\/span><\/a><\/div><div class=\"fusion-separator fusion-no-small-visibility fusion-full-width-sep\" style=\"align-self: center;margin-left: auto;margin-right: auto;margin-top:15%;margin-bottom:200px;width:100%;\"><\/div><div class=\"fusion-separator fusion-no-medium-visibility fusion-no-large-visibility fusion-full-width-sep\" style=\"align-self: center;margin-left: auto;margin-right: auto;margin-top:75px;margin-bottom:75px;width:100%;\"><\/div><\/div><\/div><div class=\"fusion-layout-column fusion_builder_column fusion-builder-column-1 fusion_builder_column_1_3 1_3 fusion-flex-column fusion-column-inner-bg-wrapper\" style=\"--awb-padding-top:40px;--awb-inner-bg-image:url(&#039;https:\/\/www.breconfoods.com\/wp-content\/uploads\/2020\/11\/AdobeStock_276724702-scaled-e1605279291593.jpeg&#039;);--awb-inner-bg-position:center center;--awb-inner-bg-size:cover;--awb-box-shadow:0px 0px 20px 0px rgba(0,0,0,0.05);;--awb-width-large:33.333333333333%;--awb-margin-top-large:10px;--awb-spacing-right-large:5.76%;--awb-margin-bottom-large:32px;--awb-spacing-left-large:5.76%;--awb-width-medium:100%;--awb-order-medium:0;--awb-spacing-right-medium:1.92%;--awb-spacing-left-medium:1.92%;--awb-width-small:100%;--awb-order-small:0;--awb-spacing-right-small:1.92%;--awb-spacing-left-small:1.92%;\"><span class=\"fusion-column-inner-bg hover-type-zoomin\"><a class=\"fusion-column-anchor\" href=\"https:\/\/www.breconfoods.com\/fr\/produits\/fruits-surgeles\/\"><span class=\"fusion-column-inner-bg-image\"><\/span><\/a><\/span><div class=\"fusion-column-wrapper fusion-column-has-shadow fusion-flex-justify-content-center fusion-content-layout-column fusion-column-has-bg-image\" data-bg-url=\"https:\/\/www.breconfoods.com\/wp-content\/uploads\/2020\/11\/AdobeStock_276724702-scaled-e1605279291593.jpeg\"><div ><a class=\"fusion-button button-flat button-large button-custom fusion-button-default button-2 fusion-button-default-span fusion-button-default-type fusion-has-button-gradient\" style=\"--button_accent_color:#161616;--button_border_color:#161616;--button_accent_hover_color:#ededed;--button_border_hover_color:#ffffff;--button-border-radius-top-left:0px;--button-border-radius-top-right:0px;--button-border-radius-bottom-right:0px;--button-border-radius-bottom-left:0px;--button_gradient_top_color:#ffffff;--button_gradient_bottom_color:#ffffff;--button_gradient_top_color_hover:#036637;--button_gradient_bottom_color_hover:#0e5647;\" target=\"_self\" href=\"https:\/\/www.breconfoods.com\/products\/frozen-fruit\/\"><span class=\"fusion-button-text\">Fruits surgel\u00e9s<\/span><\/a><\/div><div class=\"fusion-separator fusion-no-small-visibility fusion-full-width-sep\" style=\"align-self: center;margin-left: auto;margin-right: auto;margin-top:15%;margin-bottom:200px;width:100%;\"><\/div><div class=\"fusion-separator fusion-no-medium-visibility fusion-no-large-visibility fusion-full-width-sep\" style=\"align-self: center;margin-left: auto;margin-right: auto;margin-top:75px;margin-bottom:75px;width:100%;\"><\/div><\/div><\/div><div class=\"fusion-layout-column fusion_builder_column fusion-builder-column-2 fusion_builder_column_1_3 1_3 fusion-flex-column fusion-column-inner-bg-wrapper\" style=\"--awb-padding-top:40px;--awb-inner-bg-image:url(&#039;https:\/\/www.breconfoods.com\/wp-content\/uploads\/2020\/10\/mark-deyoung-mjcJ0FFgdWI-unsplash-1-min-scaled-e1603481578612.jpg&#039;);--awb-inner-bg-position:center center;--awb-inner-bg-size:cover;--awb-box-shadow:0px 0px 20px 0px rgba(0,0,0,0.05);;--awb-width-large:33.333333333333%;--awb-margin-top-large:10px;--awb-spacing-right-large:5.76%;--awb-margin-bottom-large:32px;--awb-spacing-left-large:5.76%;--awb-width-medium:100%;--awb-order-medium:0;--awb-spacing-right-medium:1.92%;--awb-spacing-left-medium:1.92%;--awb-width-small:100%;--awb-order-small:0;--awb-spacing-right-small:1.92%;--awb-spacing-left-small:1.92%;\"><span class=\"fusion-column-inner-bg hover-type-zoomin\"><a class=\"fusion-column-anchor\" href=\"https:\/\/www.breconfoods.com\/fr\/produits\/viandes-et-volailles\/\"><span class=\"fusion-column-inner-bg-image\"><\/span><\/a><\/span><div class=\"fusion-column-wrapper fusion-column-has-shadow fusion-flex-justify-content-center fusion-content-layout-column fusion-column-has-bg-image\" data-bg-url=\"https:\/\/www.breconfoods.com\/wp-content\/uploads\/2020\/10\/mark-deyoung-mjcJ0FFgdWI-unsplash-1-min-scaled-e1603481578612.jpg\"><div ><a class=\"fusion-button button-flat button-large button-custom fusion-button-default button-3 fusion-button-default-span fusion-button-default-type fusion-has-button-gradient\" style=\"--button_accent_color:#161616;--button_border_color:#161616;--button_accent_hover_color:#ededed;--button_border_hover_color:#ffffff;--button-border-radius-top-left:0px;--button-border-radius-top-right:0px;--button-border-radius-bottom-right:0px;--button-border-radius-bottom-left:0px;--button_gradient_top_color:#ffffff;--button_gradient_bottom_color:#ffffff;--button_gradient_top_color_hover:#036637;--button_gradient_bottom_color_hover:#0e5647;\" target=\"_self\" href=\"https:\/\/www.breconfoods.com\/products\/meat-and-poultry\/\"><span class=\"fusion-button-text\">Viandes et volailles<\/span><\/a><\/div><div class=\"fusion-separator fusion-no-small-visibility fusion-full-width-sep\" style=\"align-self: center;margin-left: auto;margin-right: auto;margin-top:15%;margin-bottom:200px;width:100%;\"><\/div><div class=\"fusion-separator fusion-no-medium-visibility fusion-no-large-visibility fusion-full-width-sep\" style=\"align-self: center;margin-left: auto;margin-right: auto;margin-top:75px;margin-bottom:75px;width:100%;\"><\/div><\/div><\/div><\/div><\/div>\n","protected":false},"excerpt":{"rendered":"","protected":false},"author":1,"featured_media":0,"parent":0,"menu_order":0,"comment_status":"closed","ping_status":"closed","template":"","meta":{"footnotes":""},"class_list":["post-3049","page","type-page","status-publish","hentry"],"yoast_head":"<!-- This site is optimized with the Yoast SEO plugin v24.1 - https:\/\/yoast.com\/wordpress\/plugins\/seo\/ -->\n<title>Produits - Brecon Foods - Aliments surgel\u00e9s internationale | Aliments Brecon<\/title>\n<meta name=\"description\" content=\"Explorez notre panoplie de produits et n\u2019h\u00e9sitez pas de communiquer avec nous. Fruits, l\u00e9gumes, viandes surgel\u00e9s.\" \/>\n<meta name=\"robots\" content=\"index, follow, max-snippet:-1, max-image-preview:large, max-video-preview:-1\" \/>\n<link rel=\"canonical\" href=\"https:\/\/www.breconfoods.com\/fr\/produits\/\" \/>\n<meta property=\"og:locale\" content=\"fr_FR\" \/>\n<meta property=\"og:type\" content=\"article\" \/>\n<meta property=\"og:title\" content=\"Aliments surgel\u00e9s internationale | Aliments Brecon\" \/>\n<meta property=\"og:description\" content=\"Explorez notre panoplie de produits et n\u2019h\u00e9sitez pas de communiquer avec nous. Fruits, l\u00e9gumes, viandes surgel\u00e9s.\" \/>\n<meta property=\"og:url\" content=\"https:\/\/www.breconfoods.com\/fr\/produits\/\" \/>\n<meta property=\"og:site_name\" content=\"Brecon Foods\" \/>\n<meta property=\"article:modified_time\" content=\"2023-04-11T19:02:33+00:00\" \/>\n<meta property=\"og:image\" content=\"https:\/\/www.breconfoods.com\/wp-content\/uploads\/2020\/11\/AdobeStock_276724702_Preview.jpeg\" \/>\n\t<meta property=\"og:image:width\" content=\"1000\" \/>\n\t<meta property=\"og:image:height\" content=\"667\" \/>\n\t<meta property=\"og:image:type\" content=\"image\/jpeg\" \/>\n<meta name=\"twitter:card\" content=\"summary_large_image\" \/>\n<meta name=\"twitter:label1\" content=\"Dur\u00e9e de lecture estim\u00e9e\" \/>\n\t<meta name=\"twitter:data1\" content=\"3 minutes\" \/>\n<script type=\"application\/ld+json\" class=\"yoast-schema-graph\">{\"@context\":\"https:\/\/schema.org\",\"@graph\":[{\"@type\":\"WebPage\",\"@id\":\"https:\/\/www.breconfoods.com\/fr\/produits\/\",\"url\":\"https:\/\/www.breconfoods.com\/fr\/produits\/\",\"name\":\"Produits - Brecon Foods - Aliments surgel\u00e9s internationale | Aliments Brecon\",\"isPartOf\":{\"@id\":\"https:\/\/www.breconfoods.com\/fr\/#website\"},\"datePublished\":\"2019-03-15T10:02:47+00:00\",\"dateModified\":\"2023-04-11T19:02:33+00:00\",\"description\":\"Explorez notre panoplie de produits et n\u2019h\u00e9sitez pas de communiquer avec nous. Fruits, l\u00e9gumes, viandes surgel\u00e9s.\",\"breadcrumb\":{\"@id\":\"https:\/\/www.breconfoods.com\/fr\/produits\/#breadcrumb\"},\"inLanguage\":\"fr-FR\",\"potentialAction\":[{\"@type\":\"ReadAction\",\"target\":[\"https:\/\/www.breconfoods.com\/fr\/produits\/\"]}]},{\"@type\":\"BreadcrumbList\",\"@id\":\"https:\/\/www.breconfoods.com\/fr\/produits\/#breadcrumb\",\"itemListElement\":[{\"@type\":\"ListItem\",\"position\":1,\"name\":\"Home\",\"item\":\"https:\/\/www.breconfoods.com\/fr\/\"},{\"@type\":\"ListItem\",\"position\":2,\"name\":\"Produits\"}]},{\"@type\":\"WebSite\",\"@id\":\"https:\/\/www.breconfoods.com\/fr\/#website\",\"url\":\"https:\/\/www.breconfoods.com\/fr\/\",\"name\":\"Brecon Foods\",\"description\":\"Global Food Merchants\",\"potentialAction\":[{\"@type\":\"SearchAction\",\"target\":{\"@type\":\"EntryPoint\",\"urlTemplate\":\"https:\/\/www.breconfoods.com\/fr\/?s={search_term_string}\"},\"query-input\":{\"@type\":\"PropertyValueSpecification\",\"valueRequired\":true,\"valueName\":\"search_term_string\"}}],\"inLanguage\":\"fr-FR\"}]}<\/script>\n<!-- \/ Yoast SEO plugin. -->","yoast_head_json":{"title":"Produits - Brecon Foods - Aliments surgel\u00e9s internationale | Aliments Brecon","description":"Explorez notre panoplie de produits et n\u2019h\u00e9sitez pas de communiquer avec nous. Fruits, l\u00e9gumes, viandes surgel\u00e9s.","robots":{"index":"index","follow":"follow","max-snippet":"max-snippet:-1","max-image-preview":"max-image-preview:large","max-video-preview":"max-video-preview:-1"},"canonical":"https:\/\/www.breconfoods.com\/fr\/produits\/","og_locale":"fr_FR","og_type":"article","og_title":"Aliments surgel\u00e9s internationale | Aliments Brecon","og_description":"Explorez notre panoplie de produits et n\u2019h\u00e9sitez pas de communiquer avec nous. Fruits, l\u00e9gumes, viandes surgel\u00e9s.","og_url":"https:\/\/www.breconfoods.com\/fr\/produits\/","og_site_name":"Brecon Foods","article_modified_time":"2023-04-11T19:02:33+00:00","og_image":[{"width":1000,"height":667,"url":"https:\/\/www.breconfoods.com\/wp-content\/uploads\/2020\/11\/AdobeStock_276724702_Preview.jpeg","type":"image\/jpeg"}],"twitter_card":"summary_large_image","twitter_misc":{"Dur\u00e9e de lecture estim\u00e9e":"3 minutes"},"schema":{"@context":"https:\/\/schema.org","@graph":[{"@type":"WebPage","@id":"https:\/\/www.breconfoods.com\/fr\/produits\/","url":"https:\/\/www.breconfoods.com\/fr\/produits\/","name":"Produits - Brecon Foods - Aliments surgel\u00e9s internationale | Aliments Brecon","isPartOf":{"@id":"https:\/\/www.breconfoods.com\/fr\/#website"},"datePublished":"2019-03-15T10:02:47+00:00","dateModified":"2023-04-11T19:02:33+00:00","description":"Explorez notre panoplie de produits et n\u2019h\u00e9sitez pas de communiquer avec nous. Fruits, l\u00e9gumes, viandes surgel\u00e9s.","breadcrumb":{"@id":"https:\/\/www.breconfoods.com\/fr\/produits\/#breadcrumb"},"inLanguage":"fr-FR","potentialAction":[{"@type":"ReadAction","target":["https:\/\/www.breconfoods.com\/fr\/produits\/"]}]},{"@type":"BreadcrumbList","@id":"https:\/\/www.breconfoods.com\/fr\/produits\/#breadcrumb","itemListElement":[{"@type":"ListItem","position":1,"name":"Home","item":"https:\/\/www.breconfoods.com\/fr\/"},{"@type":"ListItem","position":2,"name":"Produits"}]},{"@type":"WebSite","@id":"https:\/\/www.breconfoods.com\/fr\/#website","url":"https:\/\/www.breconfoods.com\/fr\/","name":"Brecon Foods","description":"Global Food Merchants","potentialAction":[{"@type":"SearchAction","target":{"@type":"EntryPoint","urlTemplate":"https:\/\/www.breconfoods.com\/fr\/?s={search_term_string}"},"query-input":{"@type":"PropertyValueSpecification","valueRequired":true,"valueName":"search_term_string"}}],"inLanguage":"fr-FR"}]}},"_links":{"self":[{"href":"https:\/\/www.breconfoods.com\/fr\/wp-json\/wp\/v2\/pages\/3049","targetHints":{"allow":["GET"]}}],"collection":[{"href":"https:\/\/www.breconfoods.com\/fr\/wp-json\/wp\/v2\/pages"}],"about":[{"href":"https:\/\/www.breconfoods.com\/fr\/wp-json\/wp\/v2\/types\/page"}],"author":[{"embeddable":true,"href":"https:\/\/www.breconfoods.com\/fr\/wp-json\/wp\/v2\/users\/1"}],"replies":[{"embeddable":true,"href":"https:\/\/www.breconfoods.com\/fr\/wp-json\/wp\/v2\/comments?post=3049"}],"version-history":[{"count":3,"href":"https:\/\/www.breconfoods.com\/fr\/wp-json\/wp\/v2\/pages\/3049\/revisions"}],"predecessor-version":[{"id":4005,"href":"https:\/\/www.breconfoods.com\/fr\/wp-json\/wp\/v2\/pages\/3049\/revisions\/4005"}],"wp:attachment":[{"href":"https:\/\/www.breconfoods.com\/fr\/wp-json\/wp\/v2\/media?parent=3049"}],"curies":[{"name":"wp","href":"https:\/\/api.w.org\/{rel}","templated":true}]}}