{"id":3090,"date":"2020-10-21T17:54:30","date_gmt":"2020-10-21T17:54:30","guid":{"rendered":"https:\/\/www.breconfoods.com\/services\/quality-assurance\/"},"modified":"2023-07-19T19:35:11","modified_gmt":"2023-07-19T19:35:11","slug":"assurance-qualite","status":"publish","type":"page","link":"https:\/\/www.breconfoods.com\/fr\/services\/assurance-qualite\/","title":{"rendered":"Assurance-Qualit\u00e9"},"content":{"rendered":"<p><div class=\"fusion-fullwidth fullwidth-box fusion-builder-row-1 fusion-flex-container nonhundred-percent-fullwidth non-hundred-percent-height-scrolling\" style=\"--awb-border-radius-top-left:0px;--awb-border-radius-top-right:0px;--awb-border-radius-bottom-right:0px;--awb-border-radius-bottom-left:0px;--awb-flex-wrap:wrap;\" ><div class=\"fusion-builder-row fusion-row fusion-flex-align-items-flex-start fusion-flex-content-wrap\" style=\"max-width:1404px;margin-left: calc(-4% \/ 2 );margin-right: calc(-4% \/ 2 );\"><div class=\"fusion-layout-column fusion_builder_column fusion-builder-column-0 fusion_builder_column_1_6 1_6 fusion-flex-column\" style=\"--awb-bg-size:cover;--awb-width-large:16.666666666667%;--awb-margin-top-large:10px;--awb-spacing-right-large:11.52%;--awb-margin-bottom-large:10px;--awb-spacing-left-large:11.52%;--awb-width-medium:100%;--awb-order-medium:0;--awb-spacing-right-medium:1.92%;--awb-spacing-left-medium:1.92%;--awb-width-small:100%;--awb-order-small:0;--awb-spacing-right-small:1.92%;--awb-spacing-left-small:1.92%;\"><div class=\"fusion-column-wrapper fusion-column-has-shadow fusion-flex-justify-content-flex-start fusion-content-layout-column\"><\/div><\/div><div class=\"fusion-layout-column fusion_builder_column fusion-builder-column-1 fusion_builder_column_2_3 2_3 fusion-flex-column\" style=\"--awb-bg-size:cover;--awb-width-large:66.666666666667%;--awb-margin-top-large:10px;--awb-spacing-right-large:2.88%;--awb-margin-bottom-large:10px;--awb-spacing-left-large:2.88%;--awb-width-medium:100%;--awb-order-medium:0;--awb-spacing-right-medium:1.92%;--awb-spacing-left-medium:1.92%;--awb-width-small:100%;--awb-order-small:0;--awb-spacing-right-small:1.92%;--awb-spacing-left-small:1.92%;\"><div class=\"fusion-column-wrapper fusion-column-has-shadow fusion-flex-justify-content-flex-start fusion-content-layout-column\"><div class=\"fusion-text fusion-text-1\"><h2 style=\"text-align: center;\">Tra\u00e7abilit\u00e9, du champ jusqu&rsquo;au cong\u00e9lateur<\/h2>\n<\/div><div class=\"fusion-text fusion-text-2\"><p style=\"text-align: center;\">Notre \u00e9quipe interne de qualit\u00e9 combine son expertise en s\u00e9curit\u00e9 alimentaire, en contr\u00f4le qualit\u00e9 et en conformit\u00e9 r\u00e9glementaire. Nous nous assurons d\u2019abord que les entreprises avec lesquelles nous travaillons soient bien certifi\u00e9es GFSI, puis nous utilisons les donn\u00e9es de notre \u00e9valuation MAP\u2122 en 400 points, pour coupler intelligemment les fournisseurs et les clients.<\/p>\n<p style=\"text-align: center;\">Nous menons des audits en personne, pour nous assurer des bonnes pratiques des entreprises avec lesquelles nous collaborons \u00e9troitement. Notre \u00e9quipe s\u2019assure en tout temps que les directives de s\u00e9curit\u00e9 alimentaire soient suivies \u00e0 chaque \u00e9tape de la cha\u00eene logistique, en gardant \u00e0 l\u2019esprit l\u2019origine de la destination. Nous sommes non seulement certifi\u00e9s Ecocert et FSPCA, mais nous agissons \u00e9galement en titre de votre importateur officiel aux \u00c9tats-Unis. Nous prenons en main votre marchandise et notre \u00e9quipe logistique s\u2019assure qu\u2019elle arrive \u00e0 temps, et en conformit\u00e9 avec les pratiques de qualit\u00e9 alimentaire.<\/p>\n<\/div><\/div><\/div><div class=\"fusion-layout-column fusion_builder_column fusion-builder-column-2 fusion_builder_column_1_6 1_6 fusion-flex-column\" style=\"--awb-bg-size:cover;--awb-width-large:16.666666666667%;--awb-margin-top-large:10px;--awb-spacing-right-large:11.52%;--awb-margin-bottom-large:10px;--awb-spacing-left-large:11.52%;--awb-width-medium:100%;--awb-order-medium:0;--awb-spacing-right-medium:1.92%;--awb-spacing-left-medium:1.92%;--awb-width-small:100%;--awb-order-small:0;--awb-spacing-right-small:1.92%;--awb-spacing-left-small:1.92%;\"><div class=\"fusion-column-wrapper fusion-column-has-shadow fusion-flex-justify-content-flex-start fusion-content-layout-column\"><\/div><\/div><\/div><\/div><div class=\"fusion-fullwidth fullwidth-box fusion-builder-row-2 fusion-flex-container nonhundred-percent-fullwidth non-hundred-percent-height-scrolling\" style=\"--awb-border-radius-top-left:0px;--awb-border-radius-top-right:0px;--awb-border-radius-bottom-right:0px;--awb-border-radius-bottom-left:0px;--awb-flex-wrap:wrap;\" ><div class=\"fusion-builder-row fusion-row fusion-flex-align-items-stretch fusion-flex-content-wrap\" style=\"max-width:1404px;margin-left: calc(-4% \/ 2 );margin-right: calc(-4% \/ 2 );\"><div class=\"fusion-layout-column fusion_builder_column fusion-builder-column-3 fusion_builder_column_1_2 1_2 fusion-flex-column\" style=\"--awb-bg-size:cover;--awb-width-large:50%;--awb-margin-top-large:10px;--awb-spacing-right-large:3.84%;--awb-margin-bottom-large:10px;--awb-spacing-left-large:3.84%;--awb-width-medium:100%;--awb-order-medium:0;--awb-spacing-right-medium:1.92%;--awb-spacing-left-medium:1.92%;--awb-width-small:100%;--awb-order-small:0;--awb-spacing-right-small:1.92%;--awb-spacing-left-small:1.92%;\"><div class=\"fusion-column-wrapper fusion-column-has-shadow fusion-flex-justify-content-flex-start fusion-content-layout-column\"><div class=\"fusion-text fusion-text-3\"><h2>CHEF DE FILE DE L\u2019INDUSTRIE EN QUALIT\u00c9 ET EN S\u00c9CURIT\u00c9 ALIMENTAIRE<\/h2>\n<\/div><div class=\"fusion-text fusion-text-4\"><p style=\"text-align: left;\">Notre \u00e9quipe qualit\u00e9 interne combine son expertise en s\u00e9curit\u00e9 alimentaire, en contr\u00f4le qualit\u00e9 et en conformit\u00e9 r\u00e9glementaire. Nous nous assurons d\u2019abord que les entreprises avec lesquelles nous travaillons sont bien certifi\u00e9es GFSI, puis nous utilisons les donn\u00e9es de notre \u00e9valuation MAP\u2122 sur 400 points, pour coupler intelligemment les fournisseurs et les clients.<\/p>\n<p style=\"text-align: left;\">Nous menons des audits en personne, pour nous assurer des bonnes pratiques des entreprises avec lesquelles nous collaborons \u00e9troitement. Notre \u00e9quipe s\u2019efforce alors de s\u2019assurer que les directives de s\u00e9curit\u00e9 alimentaire soient suivies \u00e0 chaque \u00e9tape de la cha\u00eene logistique, en gardant l\u2019origine de la destination \u00e0 l\u2019esprit. Nous sommes non seulement certifi\u00e9s Ecocert et FSPCA, mais nous agissons \u00e9galement en titre de votre importateur officiel aux \u00c9tats-Unis. Nous prenons en main votre marchandise et notre \u00e9quipe logistique s\u2019assure qu\u2019elle arrive \u00e0 temps, et en conformit\u00e9 avec les pratiques de qualit\u00e9 alimentaire.<\/p>\n<\/div><\/div><\/div><div class=\"fusion-layout-column fusion_builder_column fusion-builder-column-4 fusion_builder_column_1_2 1_2 fusion-flex-column\" style=\"--awb-bg-size:cover;--awb-width-large:50%;--awb-margin-top-large:10px;--awb-spacing-right-large:3.84%;--awb-margin-bottom-large:10px;--awb-spacing-left-large:3.84%;--awb-width-medium:100%;--awb-order-medium:0;--awb-spacing-right-medium:1.92%;--awb-spacing-left-medium:1.92%;--awb-width-small:100%;--awb-order-small:0;--awb-spacing-right-small:1.92%;--awb-spacing-left-small:1.92%;\"><div class=\"fusion-column-wrapper fusion-column-has-shadow fusion-flex-justify-content-flex-start fusion-content-layout-column\"><ul style=\"--awb-iconcolor:#0e5647;--awb-line-height:27.2px;--awb-icon-width:27.2px;--awb-icon-height:27.2px;--awb-icon-margin:11.2px;--awb-content-margin:38.4px;\" class=\"fusion-checklist fusion-checklist-1 fusion-checklist-default fusion-checklist-divider type-icons\"><li class=\"fusion-li-item\" style=\"\"><span class=\"icon-wrapper circle-no\"><i class=\"fusion-li-icon fa-apple-alt fas\" aria-hidden=\"true\"><\/i><\/span><div class=\"fusion-li-item-content\">\n<h2 class=\"fusion-responsive-typography-calculated\" data-fontsize=\"21\" data-lineheight=\"33.81px\">GROUPE DE TRAVAIL S\u00c9CURIT\u00c9 AFFI<\/h2>\n<h4 class=\"fusion-responsive-typography-calculated\" data-fontsize=\"21\" data-lineheight=\"33.81px\">Membre<\/h4>\n<\/div><\/li><li class=\"fusion-li-item\" style=\"\"><span class=\"icon-wrapper circle-no\"><i class=\"fusion-li-icon fa-star fas\" aria-hidden=\"true\"><\/i><\/span><div class=\"fusion-li-item-content\">\n<h2 class=\"fusion-responsive-typography-calculated\" data-fontsize=\"21\" data-lineheight=\"33.81px\">GROUPE COFABRICANT AFFI<\/h2>\n<h4 class=\"fusion-responsive-typography-calculated\" data-fontsize=\"21\" data-lineheight=\"33.81px\">Membre<\/h4>\n<\/div><\/li><li class=\"fusion-li-item\" style=\"\"><span class=\"icon-wrapper circle-no\"><i class=\"fusion-li-icon fa-search fas\" aria-hidden=\"true\"><\/i><\/span><div class=\"fusion-li-item-content\">\n<h2 class=\"fusion-responsive-typography-calculated\" data-fontsize=\"21\" data-lineheight=\"33.81px\">PROGRAMME DE V\u00c9RIFICATION DES OBJETS \u00c9TRANGERS AFFI<\/h2>\n<h4 class=\"fusion-responsive-typography-calculated\" data-fontsize=\"21\" data-lineheight=\"33.81px\">Chef de comit\u00e9<\/h4>\n<\/div><\/li><li class=\"fusion-li-item\" style=\"\"><span class=\"icon-wrapper circle-no\"><i class=\"fusion-li-icon fa-bacteria fas\" aria-hidden=\"true\"><\/i><\/span><div class=\"fusion-li-item-content\">\n<h2 class=\"fusion-responsive-typography-calculated\" data-fontsize=\"21\" data-lineheight=\"33.81px\">CONTR\u00d4LE DE PATHOG\u00c8NES AFFI DANS LA DISTRIBUTION ALIMENTAIRE<\/h2>\n<h4 class=\"fusion-responsive-typography-calculated\" data-fontsize=\"21\" data-lineheight=\"33.81px\">Chef de comit\u00e9<\/h4>\n<\/div><\/li><\/ul><\/div><\/div><\/div><\/div><div class=\"fusion-fullwidth fullwidth-box fusion-builder-row-3 fusion-flex-container nonhundred-percent-fullwidth non-hundred-percent-height-scrolling\" style=\"--awb-background-position:left top;--awb-border-sizes-top:0px;--awb-border-sizes-bottom:0px;--awb-border-sizes-left:0px;--awb-border-sizes-right:0px;--awb-border-radius-top-left:0px;--awb-border-radius-top-right:0px;--awb-border-radius-bottom-right:0px;--awb-border-radius-bottom-left:0px;--awb-padding-top:20px;--awb-padding-right:20%;--awb-padding-bottom:20px;--awb-padding-left:20%;--awb-flex-wrap:wrap;\" ><div class=\"fusion-builder-row fusion-row fusion-flex-align-items-flex-start fusion-flex-content-wrap\" style=\"max-width:calc( 1350px + 0px );margin-left: calc(-0px \/ 2 );margin-right: calc(-0px \/ 2 );\"><div class=\"fusion-layout-column fusion_builder_column fusion-builder-column-5 fusion_builder_column_1_1 1_1 fusion-flex-column\" style=\"--awb-bg-size:cover;--awb-width-large:100%;--awb-margin-top-large:10px;--awb-spacing-right-large:0px;--awb-margin-bottom-large:10px;--awb-spacing-left-large:0px;--awb-width-medium:100%;--awb-spacing-right-medium:0px;--awb-spacing-left-medium:0px;--awb-width-small:100%;--awb-spacing-right-small:0px;--awb-spacing-left-small:0px;\"><div class=\"fusion-column-wrapper fusion-flex-justify-content-flex-start fusion-content-layout-column\"><div class=\"fusion-image-carousel fusion-image-carousel-fixed fusion-image-carousel-1\"><div class=\"awb-carousel awb-swiper awb-swiper-carousel\" data-autoplay=\"yes\" data-columns=\"5\" data-itemmargin=\"73\" data-itemwidth=\"180\" data-touchscroll=\"no\" data-imagesize=\"fixed\" data-scrollitems=\"1\" style=\"--awb-column-spacing:73px;\"><div class=\"swiper-wrapper awb-image-carousel-wrapper fusion-flex-align-items-center\"><div class=\"swiper-slide\"><div class=\"fusion-carousel-item-wrapper\"><div class=\"fusion-image-wrapper hover-type-none\"><img decoding=\"async\" width=\"320\" height=\"202\" src=\"https:\/\/www.breconfoods.com\/wp-content\/uploads\/2024\/01\/brcs-1-320x202.jpg\" class=\"attachment-blog-medium size-blog-medium\" alt=\"\" \/><\/div><\/div><\/div><div class=\"swiper-slide\"><div class=\"fusion-carousel-item-wrapper\"><div class=\"fusion-image-wrapper hover-type-none\"><img decoding=\"async\" width=\"320\" height=\"202\" src=\"https:\/\/www.breconfoods.com\/wp-content\/uploads\/2024\/01\/eco-1-320x202.jpg\" class=\"attachment-blog-medium size-blog-medium\" alt=\"\" \/><\/div><\/div><\/div><div class=\"swiper-slide\"><div class=\"fusion-carousel-item-wrapper\"><div class=\"fusion-image-wrapper hover-type-none\"><img decoding=\"async\" width=\"320\" height=\"202\" src=\"https:\/\/www.breconfoods.com\/wp-content\/uploads\/2024\/01\/sedex-320x202.jpg\" class=\"attachment-blog-medium size-blog-medium\" alt=\"\" \/><\/div><\/div><\/div><\/div><\/div><\/div><\/div><\/div><\/div><\/div>\n<\/p>\n","protected":false},"excerpt":{"rendered":"","protected":false},"author":1,"featured_media":0,"parent":3064,"menu_order":0,"comment_status":"closed","ping_status":"closed","template":"100-width.php","meta":{"footnotes":""},"class_list":["post-3090","page","type-page","status-publish","hentry"],"yoast_head":"<!-- This site is optimized with the Yoast SEO plugin v24.1 - https:\/\/yoast.com\/wordpress\/plugins\/seo\/ -->\n<title>Assurance-Qualit\u00e9 - Brecon Foods<\/title>\n<meta name=\"robots\" content=\"index, follow, max-snippet:-1, max-image-preview:large, max-video-preview:-1\" \/>\n<link rel=\"canonical\" href=\"https:\/\/www.breconfoods.com\/fr\/services\/assurance-qualite\/\" \/>\n<meta property=\"og:locale\" content=\"fr_FR\" \/>\n<meta property=\"og:type\" content=\"article\" \/>\n<meta property=\"og:title\" content=\"Assurance-Qualit\u00e9 - Brecon Foods\" \/>\n<meta property=\"og:url\" content=\"https:\/\/www.breconfoods.com\/fr\/services\/assurance-qualite\/\" \/>\n<meta property=\"og:site_name\" content=\"Brecon Foods\" \/>\n<meta property=\"article:modified_time\" content=\"2023-07-19T19:35:11+00:00\" \/>\n<meta name=\"twitter:card\" content=\"summary_large_image\" \/>\n<meta name=\"twitter:label1\" content=\"Dur\u00e9e de lecture estim\u00e9e\" \/>\n\t<meta name=\"twitter:data1\" content=\"6 minutes\" \/>\n<script type=\"application\/ld+json\" class=\"yoast-schema-graph\">{\"@context\":\"https:\/\/schema.org\",\"@graph\":[{\"@type\":\"WebPage\",\"@id\":\"https:\/\/www.breconfoods.com\/fr\/services\/assurance-qualite\/\",\"url\":\"https:\/\/www.breconfoods.com\/fr\/services\/assurance-qualite\/\",\"name\":\"Assurance-Qualit\u00e9 - Brecon Foods\",\"isPartOf\":{\"@id\":\"https:\/\/www.breconfoods.com\/fr\/#website\"},\"datePublished\":\"2020-10-21T17:54:30+00:00\",\"dateModified\":\"2023-07-19T19:35:11+00:00\",\"breadcrumb\":{\"@id\":\"https:\/\/www.breconfoods.com\/fr\/services\/assurance-qualite\/#breadcrumb\"},\"inLanguage\":\"fr-FR\",\"potentialAction\":[{\"@type\":\"ReadAction\",\"target\":[\"https:\/\/www.breconfoods.com\/fr\/services\/assurance-qualite\/\"]}]},{\"@type\":\"BreadcrumbList\",\"@id\":\"https:\/\/www.breconfoods.com\/fr\/services\/assurance-qualite\/#breadcrumb\",\"itemListElement\":[{\"@type\":\"ListItem\",\"position\":1,\"name\":\"Home\",\"item\":\"https:\/\/www.breconfoods.com\/fr\/\"},{\"@type\":\"ListItem\",\"position\":2,\"name\":\"Services\",\"item\":\"https:\/\/www.breconfoods.com\/fr\/services\/\"},{\"@type\":\"ListItem\",\"position\":3,\"name\":\"Assurance-Qualit\u00e9\"}]},{\"@type\":\"WebSite\",\"@id\":\"https:\/\/www.breconfoods.com\/fr\/#website\",\"url\":\"https:\/\/www.breconfoods.com\/fr\/\",\"name\":\"Brecon Foods\",\"description\":\"Global Food Merchants\",\"potentialAction\":[{\"@type\":\"SearchAction\",\"target\":{\"@type\":\"EntryPoint\",\"urlTemplate\":\"https:\/\/www.breconfoods.com\/fr\/?s={search_term_string}\"},\"query-input\":{\"@type\":\"PropertyValueSpecification\",\"valueRequired\":true,\"valueName\":\"search_term_string\"}}],\"inLanguage\":\"fr-FR\"}]}<\/script>\n<!-- \/ Yoast SEO plugin. -->","yoast_head_json":{"title":"Assurance-Qualit\u00e9 - Brecon Foods","robots":{"index":"index","follow":"follow","max-snippet":"max-snippet:-1","max-image-preview":"max-image-preview:large","max-video-preview":"max-video-preview:-1"},"canonical":"https:\/\/www.breconfoods.com\/fr\/services\/assurance-qualite\/","og_locale":"fr_FR","og_type":"article","og_title":"Assurance-Qualit\u00e9 - Brecon Foods","og_url":"https:\/\/www.breconfoods.com\/fr\/services\/assurance-qualite\/","og_site_name":"Brecon Foods","article_modified_time":"2023-07-19T19:35:11+00:00","twitter_card":"summary_large_image","twitter_misc":{"Dur\u00e9e de lecture estim\u00e9e":"6 minutes"},"schema":{"@context":"https:\/\/schema.org","@graph":[{"@type":"WebPage","@id":"https:\/\/www.breconfoods.com\/fr\/services\/assurance-qualite\/","url":"https:\/\/www.breconfoods.com\/fr\/services\/assurance-qualite\/","name":"Assurance-Qualit\u00e9 - Brecon Foods","isPartOf":{"@id":"https:\/\/www.breconfoods.com\/fr\/#website"},"datePublished":"2020-10-21T17:54:30+00:00","dateModified":"2023-07-19T19:35:11+00:00","breadcrumb":{"@id":"https:\/\/www.breconfoods.com\/fr\/services\/assurance-qualite\/#breadcrumb"},"inLanguage":"fr-FR","potentialAction":[{"@type":"ReadAction","target":["https:\/\/www.breconfoods.com\/fr\/services\/assurance-qualite\/"]}]},{"@type":"BreadcrumbList","@id":"https:\/\/www.breconfoods.com\/fr\/services\/assurance-qualite\/#breadcrumb","itemListElement":[{"@type":"ListItem","position":1,"name":"Home","item":"https:\/\/www.breconfoods.com\/fr\/"},{"@type":"ListItem","position":2,"name":"Services","item":"https:\/\/www.breconfoods.com\/fr\/services\/"},{"@type":"ListItem","position":3,"name":"Assurance-Qualit\u00e9"}]},{"@type":"WebSite","@id":"https:\/\/www.breconfoods.com\/fr\/#website","url":"https:\/\/www.breconfoods.com\/fr\/","name":"Brecon Foods","description":"Global Food Merchants","potentialAction":[{"@type":"SearchAction","target":{"@type":"EntryPoint","urlTemplate":"https:\/\/www.breconfoods.com\/fr\/?s={search_term_string}"},"query-input":{"@type":"PropertyValueSpecification","valueRequired":true,"valueName":"search_term_string"}}],"inLanguage":"fr-FR"}]}},"_links":{"self":[{"href":"https:\/\/www.breconfoods.com\/fr\/wp-json\/wp\/v2\/pages\/3090","targetHints":{"allow":["GET"]}}],"collection":[{"href":"https:\/\/www.breconfoods.com\/fr\/wp-json\/wp\/v2\/pages"}],"about":[{"href":"https:\/\/www.breconfoods.com\/fr\/wp-json\/wp\/v2\/types\/page"}],"author":[{"embeddable":true,"href":"https:\/\/www.breconfoods.com\/fr\/wp-json\/wp\/v2\/users\/1"}],"replies":[{"embeddable":true,"href":"https:\/\/www.breconfoods.com\/fr\/wp-json\/wp\/v2\/comments?post=3090"}],"version-history":[{"count":1,"href":"https:\/\/www.breconfoods.com\/fr\/wp-json\/wp\/v2\/pages\/3090\/revisions"}],"predecessor-version":[{"id":4064,"href":"https:\/\/www.breconfoods.com\/fr\/wp-json\/wp\/v2\/pages\/3090\/revisions\/4064"}],"up":[{"embeddable":true,"href":"https:\/\/www.breconfoods.com\/fr\/wp-json\/wp\/v2\/pages\/3064"}],"wp:attachment":[{"href":"https:\/\/www.breconfoods.com\/fr\/wp-json\/wp\/v2\/media?parent=3090"}],"curies":[{"name":"wp","href":"https:\/\/api.w.org\/{rel}","templated":true}]}}