{"id":3092,"date":"2020-10-21T17:55:26","date_gmt":"2020-10-21T17:55:26","guid":{"rendered":"https:\/\/www.breconfoods.com\/services\/supply-chain-management\/"},"modified":"2024-01-24T14:40:49","modified_gmt":"2024-01-24T14:40:49","slug":"gestion-logistique","status":"publish","type":"page","link":"https:\/\/www.breconfoods.com\/fr\/services\/gestion-logistique\/","title":{"rendered":"Gestion Logistique"},"content":{"rendered":"<div class=\"fusion-fullwidth fullwidth-box fusion-builder-row-1 fusion-flex-container nonhundred-percent-fullwidth non-hundred-percent-height-scrolling\" style=\"--awb-border-radius-top-left:0px;--awb-border-radius-top-right:0px;--awb-border-radius-bottom-right:0px;--awb-border-radius-bottom-left:0px;--awb-flex-wrap:wrap;\" ><div class=\"fusion-builder-row fusion-row fusion-flex-align-items-flex-start fusion-flex-content-wrap\" style=\"max-width:1404px;margin-left: calc(-4% \/ 2 );margin-right: calc(-4% \/ 2 );\"><div class=\"fusion-layout-column fusion_builder_column fusion-builder-column-0 fusion_builder_column_1_3 1_3 fusion-flex-column\" style=\"--awb-bg-size:cover;--awb-width-large:33.333333333333%;--awb-margin-top-large:10px;--awb-spacing-right-large:5.76%;--awb-margin-bottom-large:10px;--awb-spacing-left-large:5.76%;--awb-width-medium:100%;--awb-order-medium:0;--awb-spacing-right-medium:1.92%;--awb-spacing-left-medium:1.92%;--awb-width-small:100%;--awb-order-small:0;--awb-spacing-right-small:1.92%;--awb-spacing-left-small:1.92%;\"><div class=\"fusion-column-wrapper fusion-column-has-shadow fusion-flex-justify-content-flex-start fusion-content-layout-column\"><div class=\"fusion-counters-box counters-box row fusion-clearfix fusion-columns-1\" style=\"--awb-body-size:24;--awb-border-color:#fffcfc;--awb-color:#0e5647;--awb-title-size:136;--awb-border-color:#fffcfc;\"><div class=\"fusion-counter-box fusion-column col-counter-box counter-box-wrapper col-lg-12 col-md-12 col-sm-12\" data-animationOffset=\"top-into-view\"><div class=\"counter-box-container\"><div class=\"content-box-percentage content-box-counter\"><span class=\"display-counter\" data-value=\"35000\" data-direction=\"up\" data-decimals=\"0\">0<\/span><\/div><div class=\"counter-box-content\">tonnes m\u00e9triques exp\u00e9di\u00e9es par an<\/div><\/div><\/div><\/div><\/div><\/div><div class=\"fusion-layout-column fusion_builder_column fusion-builder-column-1 fusion_builder_column_1_3 1_3 fusion-flex-column\" style=\"--awb-bg-size:cover;--awb-width-large:33.333333333333%;--awb-margin-top-large:10px;--awb-spacing-right-large:5.76%;--awb-margin-bottom-large:10px;--awb-spacing-left-large:5.76%;--awb-width-medium:100%;--awb-spacing-right-medium:1.92%;--awb-spacing-left-medium:1.92%;--awb-width-small:100%;--awb-spacing-right-small:1.92%;--awb-spacing-left-small:1.92%;\"><div class=\"fusion-column-wrapper fusion-flex-justify-content-flex-start fusion-content-layout-column\"><div class=\"fusion-counters-box counters-box row fusion-clearfix fusion-columns-1\" style=\"--awb-body-size:24;--awb-border-color:#fffcfc;--awb-color:#0e5647;--awb-title-size:136;--awb-border-color:#fffcfc;\"><div class=\"fusion-counter-box fusion-column col-counter-box counter-box-wrapper col-lg-12 col-md-12 col-sm-12\" data-animationOffset=\"top-into-view\"><div class=\"counter-box-container\"><div class=\"content-box-percentage content-box-counter\"><span class=\"display-counter\" data-value=\"60\" data-direction=\"up\" data-decimals=\"0\">0<\/span><\/div><div class=\"counter-box-content\">pays<\/div><\/div><\/div><\/div><\/div><\/div><div class=\"fusion-layout-column fusion_builder_column fusion-builder-column-2 fusion_builder_column_1_3 1_3 fusion-flex-column\" style=\"--awb-bg-size:cover;--awb-width-large:33.333333333333%;--awb-margin-top-large:10px;--awb-spacing-right-large:5.76%;--awb-margin-bottom-large:10px;--awb-spacing-left-large:5.76%;--awb-width-medium:100%;--awb-spacing-right-medium:1.92%;--awb-spacing-left-medium:1.92%;--awb-width-small:100%;--awb-spacing-right-small:1.92%;--awb-spacing-left-small:1.92%;\"><div class=\"fusion-column-wrapper fusion-flex-justify-content-flex-start fusion-content-layout-column\"><div class=\"fusion-counters-box counters-box row fusion-clearfix fusion-columns-1\" style=\"--awb-body-size:24;--awb-border-color:#fffcfc;--awb-color:#0e5647;--awb-title-size:136;--awb-border-color:#fffcfc;\"><div class=\"fusion-counter-box fusion-column col-counter-box counter-box-wrapper col-lg-12 col-md-12 col-sm-12\" data-animationOffset=\"top-into-view\"><div class=\"counter-box-container\"><div class=\"content-box-percentage content-box-counter\"><span class=\"display-counter\" data-value=\"6\" data-direction=\"up\" data-decimals=\"0\">0<\/span><\/div><div class=\"counter-box-content\">continents<\/div><\/div><\/div><\/div><\/div><\/div><div class=\"fusion-layout-column fusion_builder_column fusion-builder-column-3 fusion_builder_column_1_1 1_1 fusion-flex-column\" style=\"--awb-padding-top:0px;--awb-padding-right:10%;--awb-padding-left:10%;--awb-bg-size:cover;--awb-width-large:100%;--awb-margin-top-large:10px;--awb-spacing-right-large:1.92%;--awb-margin-bottom-large:10px;--awb-spacing-left-large:1.92%;--awb-width-medium:100%;--awb-order-medium:0;--awb-spacing-right-medium:1.92%;--awb-spacing-left-medium:1.92%;--awb-width-small:100%;--awb-order-small:0;--awb-spacing-right-small:1.92%;--awb-spacing-left-small:1.92%;\"><div class=\"fusion-column-wrapper fusion-column-has-shadow fusion-flex-justify-content-flex-start fusion-content-layout-column\"><div class=\"fusion-text fusion-text-1\"><h2 style=\"text-align: center;\">Commercialisez votre produit<\/h2>\n<\/div><div class=\"fusion-text fusion-text-2\"><p style=\"text-align: justify;\">Nos experts sont sp\u00e9cialis\u00e9s dans l\u2019import, l\u2019export et les exp\u00e9ditions tierces, et ils travaillent consciencieusement pour s\u2019assurer que tous les aspects de la cha\u00eene logistique op\u00e8rent de mani\u00e8re fluide et efficace. Nous garantissons la conformit\u00e9 tout au long du processus, avec des inspecteurs v\u00e9t\u00e9rinaires et des repr\u00e9sentants gouvernementaux du monde entier. Certifi\u00e9e CTPAT et engag\u00e9e \u00e0 l\u2019am\u00e9lioration continue, Brecon comprend l\u2019importance de l\u2019arriv\u00e9e de votre produit \u00e0 destination, dans les d\u00e9lais fix\u00e9s et dans des conditions optimales.<\/p>\n<\/div><\/div><\/div><div class=\"fusion-layout-column fusion_builder_column fusion-builder-column-4 fusion_builder_column_1_1 1_1 fusion-flex-column\" style=\"--awb-bg-size:cover;--awb-width-large:100%;--awb-margin-top-large:10px;--awb-spacing-right-large:1.92%;--awb-margin-bottom-large:10px;--awb-spacing-left-large:1.92%;--awb-width-medium:100%;--awb-spacing-right-medium:1.92%;--awb-spacing-left-medium:1.92%;--awb-width-small:100%;--awb-spacing-right-small:1.92%;--awb-spacing-left-small:1.92%;\"><div class=\"fusion-column-wrapper fusion-flex-justify-content-flex-start fusion-content-layout-column\"><div class=\"fusion-separator fusion-full-width-sep\" style=\"align-self: center;margin-left: auto;margin-right: auto;margin-top:10px;width:100%;\"><\/div><div class=\"fusion-builder-row fusion-builder-row-inner fusion-row fusion-flex-align-items-flex-start fusion-flex-content-wrap\" style=\"width:104% !important;max-width:104% !important;margin-left: calc(-4% \/ 2 );margin-right: calc(-4% \/ 2 );\"><div class=\"fusion-layout-column fusion_builder_column_inner fusion-builder-nested-column-0 fusion_builder_column_inner_1_4 1_4 fusion-flex-column\" style=\"--awb-bg-size:cover;--awb-width-large:25%;--awb-margin-top-large:10px;--awb-spacing-right-large:7.68%;--awb-margin-bottom-large:10px;--awb-spacing-left-large:7.68%;--awb-width-medium:100%;--awb-order-medium:0;--awb-spacing-right-medium:1.92%;--awb-spacing-left-medium:1.92%;--awb-width-small:100%;--awb-order-small:0;--awb-spacing-right-small:1.92%;--awb-spacing-left-small:1.92%;\"><div class=\"fusion-column-wrapper fusion-column-has-shadow fusion-flex-justify-content-flex-start fusion-content-layout-column\"><div class=\"fusion-image-element \" style=\"text-align:center;--awb-caption-title-font-family:var(--h2_typography-font-family);--awb-caption-title-font-weight:var(--h2_typography-font-weight);--awb-caption-title-font-style:var(--h2_typography-font-style);--awb-caption-title-size:var(--h2_typography-font-size);--awb-caption-title-transform:var(--h2_typography-text-transform);--awb-caption-title-line-height:var(--h2_typography-line-height);--awb-caption-title-letter-spacing:var(--h2_typography-letter-spacing);\"><span class=\" fusion-imageframe imageframe-none imageframe-1 hover-type-none\"><img decoding=\"async\" width=\"150\" height=\"150\" title=\"fds\" src=\"https:\/\/www.breconfoods.com\/wp-content\/uploads\/2024\/01\/fds-1-150x150.jpg\" alt class=\"img-responsive wp-image-4368\" srcset=\"https:\/\/www.breconfoods.com\/wp-content\/uploads\/2024\/01\/fds-1-200x200.jpg 200w, https:\/\/www.breconfoods.com\/wp-content\/uploads\/2024\/01\/fds-1-400x400.jpg 400w, https:\/\/www.breconfoods.com\/wp-content\/uploads\/2024\/01\/fds-1.jpg 500w\" sizes=\"(max-width: 1024px) 100vw, (max-width: 640px) 100vw, 400px\" \/><\/span><\/div><\/div><\/div><div class=\"fusion-layout-column fusion_builder_column_inner fusion-builder-nested-column-1 fusion_builder_column_inner_1_4 1_4 fusion-flex-column\" style=\"--awb-bg-size:cover;--awb-width-large:25%;--awb-margin-top-large:10px;--awb-spacing-right-large:7.68%;--awb-margin-bottom-large:10px;--awb-spacing-left-large:7.68%;--awb-width-medium:100%;--awb-order-medium:0;--awb-spacing-right-medium:1.92%;--awb-spacing-left-medium:1.92%;--awb-width-small:100%;--awb-order-small:0;--awb-spacing-right-small:1.92%;--awb-spacing-left-small:1.92%;\"><div class=\"fusion-column-wrapper fusion-column-has-shadow fusion-flex-justify-content-flex-start fusion-content-layout-column\"><div class=\"fusion-image-element \" style=\"text-align:center;--awb-caption-title-font-family:var(--h2_typography-font-family);--awb-caption-title-font-weight:var(--h2_typography-font-weight);--awb-caption-title-font-style:var(--h2_typography-font-style);--awb-caption-title-size:var(--h2_typography-font-size);--awb-caption-title-transform:var(--h2_typography-text-transform);--awb-caption-title-line-height:var(--h2_typography-line-height);--awb-caption-title-letter-spacing:var(--h2_typography-letter-spacing);\"><span class=\" fusion-imageframe imageframe-none imageframe-2 hover-type-none\"><img decoding=\"async\" width=\"150\" height=\"150\" title=\"usda\" src=\"https:\/\/www.breconfoods.com\/wp-content\/uploads\/2024\/01\/usda-1-150x150.jpg\" alt class=\"img-responsive wp-image-4370\" srcset=\"https:\/\/www.breconfoods.com\/wp-content\/uploads\/2024\/01\/usda-1-200x200.jpg 200w, https:\/\/www.breconfoods.com\/wp-content\/uploads\/2024\/01\/usda-1-400x400.jpg 400w, https:\/\/www.breconfoods.com\/wp-content\/uploads\/2024\/01\/usda-1.jpg 500w\" sizes=\"(max-width: 1024px) 100vw, (max-width: 640px) 100vw, 400px\" \/><\/span><\/div><\/div><\/div><div class=\"fusion-layout-column fusion_builder_column_inner fusion-builder-nested-column-2 fusion_builder_column_inner_1_4 1_4 fusion-flex-column\" style=\"--awb-bg-size:cover;--awb-width-large:25%;--awb-margin-top-large:10px;--awb-spacing-right-large:7.68%;--awb-margin-bottom-large:10px;--awb-spacing-left-large:7.68%;--awb-width-medium:100%;--awb-order-medium:0;--awb-spacing-right-medium:1.92%;--awb-spacing-left-medium:1.92%;--awb-width-small:100%;--awb-order-small:0;--awb-spacing-right-small:1.92%;--awb-spacing-left-small:1.92%;\"><div class=\"fusion-column-wrapper fusion-column-has-shadow fusion-flex-justify-content-flex-start fusion-content-layout-column\"><div class=\"fusion-image-element \" style=\"text-align:center;--awb-caption-title-font-family:var(--h2_typography-font-family);--awb-caption-title-font-weight:var(--h2_typography-font-weight);--awb-caption-title-font-style:var(--h2_typography-font-style);--awb-caption-title-size:var(--h2_typography-font-size);--awb-caption-title-transform:var(--h2_typography-text-transform);--awb-caption-title-line-height:var(--h2_typography-line-height);--awb-caption-title-letter-spacing:var(--h2_typography-letter-spacing);\"><span class=\" fusion-imageframe imageframe-none imageframe-3 hover-type-none\"><img decoding=\"async\" width=\"150\" height=\"150\" title=\"ctpat\" src=\"https:\/\/www.breconfoods.com\/wp-content\/uploads\/2024\/01\/ctpat-150x150.jpg\" alt class=\"img-responsive wp-image-4339\" srcset=\"https:\/\/www.breconfoods.com\/wp-content\/uploads\/2024\/01\/ctpat-200x200.jpg 200w, https:\/\/www.breconfoods.com\/wp-content\/uploads\/2024\/01\/ctpat-400x400.jpg 400w, https:\/\/www.breconfoods.com\/wp-content\/uploads\/2024\/01\/ctpat.jpg 500w\" sizes=\"(max-width: 1024px) 100vw, (max-width: 640px) 100vw, 400px\" \/><\/span><\/div><\/div><\/div><div class=\"fusion-layout-column fusion_builder_column_inner fusion-builder-nested-column-3 fusion_builder_column_inner_1_4 1_4 fusion-flex-column\" style=\"--awb-bg-size:cover;--awb-width-large:25%;--awb-margin-top-large:10px;--awb-spacing-right-large:7.68%;--awb-margin-bottom-large:10px;--awb-spacing-left-large:7.68%;--awb-width-medium:100%;--awb-order-medium:0;--awb-spacing-right-medium:1.92%;--awb-spacing-left-medium:1.92%;--awb-width-small:100%;--awb-order-small:0;--awb-spacing-right-small:1.92%;--awb-spacing-left-small:1.92%;\"><div class=\"fusion-column-wrapper fusion-column-has-shadow fusion-flex-justify-content-flex-start fusion-content-layout-column\"><div class=\"fusion-image-element \" style=\"text-align:center;--awb-caption-title-font-family:var(--h2_typography-font-family);--awb-caption-title-font-weight:var(--h2_typography-font-weight);--awb-caption-title-font-style:var(--h2_typography-font-style);--awb-caption-title-size:var(--h2_typography-font-size);--awb-caption-title-transform:var(--h2_typography-text-transform);--awb-caption-title-line-height:var(--h2_typography-line-height);--awb-caption-title-letter-spacing:var(--h2_typography-letter-spacing);\"><span class=\" fusion-imageframe imageframe-none imageframe-4 hover-type-none\"><img decoding=\"async\" width=\"150\" height=\"150\" title=\"sedex\" src=\"https:\/\/www.breconfoods.com\/wp-content\/uploads\/2024\/01\/sedex-150x150.jpg\" alt class=\"img-responsive wp-image-4341\" srcset=\"https:\/\/www.breconfoods.com\/wp-content\/uploads\/2024\/01\/sedex-200x200.jpg 200w, https:\/\/www.breconfoods.com\/wp-content\/uploads\/2024\/01\/sedex-400x400.jpg 400w, https:\/\/www.breconfoods.com\/wp-content\/uploads\/2024\/01\/sedex.jpg 500w\" sizes=\"(max-width: 1024px) 100vw, (max-width: 640px) 100vw, 400px\" \/><\/span><\/div><\/div><\/div><\/div><\/div><\/div><div class=\"fusion-layout-column fusion_builder_column fusion-builder-column-5 fusion_builder_column_1_1 1_1 fusion-flex-column\" style=\"--awb-bg-size:cover;--awb-width-large:100%;--awb-margin-top-large:10px;--awb-spacing-right-large:1.92%;--awb-margin-bottom-large:10px;--awb-spacing-left-large:1.92%;--awb-width-medium:100%;--awb-order-medium:0;--awb-spacing-right-medium:1.92%;--awb-spacing-left-medium:1.92%;--awb-width-small:100%;--awb-order-small:0;--awb-spacing-right-small:1.92%;--awb-spacing-left-small:1.92%;\"><div class=\"fusion-column-wrapper fusion-column-has-shadow fusion-flex-justify-content-flex-start fusion-content-layout-column\"><div style=\"text-align:center;\"><a class=\"fusion-button button-flat fusion-button-default-size button-default fusion-button-default button-1 fusion-button-default-span fusion-button-default-type\" target=\"_self\" href=\"https:\/\/www.breconfoods.com\/contact\/\"><span class=\"fusion-button-text\">Contact<\/span><\/a><\/div><\/div><\/div><\/div><\/div>\n","protected":false},"excerpt":{"rendered":"","protected":false},"author":1,"featured_media":0,"parent":3064,"menu_order":0,"comment_status":"closed","ping_status":"closed","template":"100-width.php","meta":{"footnotes":""},"class_list":["post-3092","page","type-page","status-publish","hentry"],"yoast_head":"<!-- This site is optimized with the Yoast SEO plugin v24.1 - https:\/\/yoast.com\/wordpress\/plugins\/seo\/ -->\n<title>Gestion Logistique - Brecon Foods<\/title>\n<meta name=\"robots\" content=\"index, follow, max-snippet:-1, max-image-preview:large, max-video-preview:-1\" \/>\n<link rel=\"canonical\" href=\"https:\/\/www.breconfoods.com\/fr\/services\/gestion-logistique\/\" \/>\n<meta property=\"og:locale\" content=\"fr_FR\" \/>\n<meta property=\"og:type\" content=\"article\" \/>\n<meta property=\"og:title\" content=\"Gestion Logistique - Brecon Foods\" \/>\n<meta property=\"og:url\" content=\"https:\/\/www.breconfoods.com\/fr\/services\/gestion-logistique\/\" \/>\n<meta property=\"og:site_name\" content=\"Brecon Foods\" \/>\n<meta property=\"article:modified_time\" content=\"2024-01-24T14:40:49+00:00\" \/>\n<meta name=\"twitter:card\" content=\"summary_large_image\" \/>\n<meta name=\"twitter:label1\" content=\"Dur\u00e9e de lecture estim\u00e9e\" \/>\n\t<meta name=\"twitter:data1\" content=\"6 minutes\" \/>\n<script type=\"application\/ld+json\" class=\"yoast-schema-graph\">{\"@context\":\"https:\/\/schema.org\",\"@graph\":[{\"@type\":\"WebPage\",\"@id\":\"https:\/\/www.breconfoods.com\/fr\/services\/gestion-logistique\/\",\"url\":\"https:\/\/www.breconfoods.com\/fr\/services\/gestion-logistique\/\",\"name\":\"Gestion Logistique - Brecon Foods\",\"isPartOf\":{\"@id\":\"https:\/\/www.breconfoods.com\/fr\/#website\"},\"datePublished\":\"2020-10-21T17:55:26+00:00\",\"dateModified\":\"2024-01-24T14:40:49+00:00\",\"breadcrumb\":{\"@id\":\"https:\/\/www.breconfoods.com\/fr\/services\/gestion-logistique\/#breadcrumb\"},\"inLanguage\":\"fr-FR\",\"potentialAction\":[{\"@type\":\"ReadAction\",\"target\":[\"https:\/\/www.breconfoods.com\/fr\/services\/gestion-logistique\/\"]}]},{\"@type\":\"BreadcrumbList\",\"@id\":\"https:\/\/www.breconfoods.com\/fr\/services\/gestion-logistique\/#breadcrumb\",\"itemListElement\":[{\"@type\":\"ListItem\",\"position\":1,\"name\":\"Home\",\"item\":\"https:\/\/www.breconfoods.com\/fr\/\"},{\"@type\":\"ListItem\",\"position\":2,\"name\":\"Services\",\"item\":\"https:\/\/www.breconfoods.com\/fr\/services\/\"},{\"@type\":\"ListItem\",\"position\":3,\"name\":\"Gestion Logistique\"}]},{\"@type\":\"WebSite\",\"@id\":\"https:\/\/www.breconfoods.com\/fr\/#website\",\"url\":\"https:\/\/www.breconfoods.com\/fr\/\",\"name\":\"Brecon Foods\",\"description\":\"Global Food Merchants\",\"potentialAction\":[{\"@type\":\"SearchAction\",\"target\":{\"@type\":\"EntryPoint\",\"urlTemplate\":\"https:\/\/www.breconfoods.com\/fr\/?s={search_term_string}\"},\"query-input\":{\"@type\":\"PropertyValueSpecification\",\"valueRequired\":true,\"valueName\":\"search_term_string\"}}],\"inLanguage\":\"fr-FR\"}]}<\/script>\n<!-- \/ Yoast SEO plugin. -->","yoast_head_json":{"title":"Gestion Logistique - Brecon Foods","robots":{"index":"index","follow":"follow","max-snippet":"max-snippet:-1","max-image-preview":"max-image-preview:large","max-video-preview":"max-video-preview:-1"},"canonical":"https:\/\/www.breconfoods.com\/fr\/services\/gestion-logistique\/","og_locale":"fr_FR","og_type":"article","og_title":"Gestion Logistique - Brecon Foods","og_url":"https:\/\/www.breconfoods.com\/fr\/services\/gestion-logistique\/","og_site_name":"Brecon Foods","article_modified_time":"2024-01-24T14:40:49+00:00","twitter_card":"summary_large_image","twitter_misc":{"Dur\u00e9e de lecture estim\u00e9e":"6 minutes"},"schema":{"@context":"https:\/\/schema.org","@graph":[{"@type":"WebPage","@id":"https:\/\/www.breconfoods.com\/fr\/services\/gestion-logistique\/","url":"https:\/\/www.breconfoods.com\/fr\/services\/gestion-logistique\/","name":"Gestion Logistique - Brecon Foods","isPartOf":{"@id":"https:\/\/www.breconfoods.com\/fr\/#website"},"datePublished":"2020-10-21T17:55:26+00:00","dateModified":"2024-01-24T14:40:49+00:00","breadcrumb":{"@id":"https:\/\/www.breconfoods.com\/fr\/services\/gestion-logistique\/#breadcrumb"},"inLanguage":"fr-FR","potentialAction":[{"@type":"ReadAction","target":["https:\/\/www.breconfoods.com\/fr\/services\/gestion-logistique\/"]}]},{"@type":"BreadcrumbList","@id":"https:\/\/www.breconfoods.com\/fr\/services\/gestion-logistique\/#breadcrumb","itemListElement":[{"@type":"ListItem","position":1,"name":"Home","item":"https:\/\/www.breconfoods.com\/fr\/"},{"@type":"ListItem","position":2,"name":"Services","item":"https:\/\/www.breconfoods.com\/fr\/services\/"},{"@type":"ListItem","position":3,"name":"Gestion Logistique"}]},{"@type":"WebSite","@id":"https:\/\/www.breconfoods.com\/fr\/#website","url":"https:\/\/www.breconfoods.com\/fr\/","name":"Brecon Foods","description":"Global Food Merchants","potentialAction":[{"@type":"SearchAction","target":{"@type":"EntryPoint","urlTemplate":"https:\/\/www.breconfoods.com\/fr\/?s={search_term_string}"},"query-input":{"@type":"PropertyValueSpecification","valueRequired":true,"valueName":"search_term_string"}}],"inLanguage":"fr-FR"}]}},"_links":{"self":[{"href":"https:\/\/www.breconfoods.com\/fr\/wp-json\/wp\/v2\/pages\/3092","targetHints":{"allow":["GET"]}}],"collection":[{"href":"https:\/\/www.breconfoods.com\/fr\/wp-json\/wp\/v2\/pages"}],"about":[{"href":"https:\/\/www.breconfoods.com\/fr\/wp-json\/wp\/v2\/types\/page"}],"author":[{"embeddable":true,"href":"https:\/\/www.breconfoods.com\/fr\/wp-json\/wp\/v2\/users\/1"}],"replies":[{"embeddable":true,"href":"https:\/\/www.breconfoods.com\/fr\/wp-json\/wp\/v2\/comments?post=3092"}],"version-history":[{"count":3,"href":"https:\/\/www.breconfoods.com\/fr\/wp-json\/wp\/v2\/pages\/3092\/revisions"}],"predecessor-version":[{"id":4386,"href":"https:\/\/www.breconfoods.com\/fr\/wp-json\/wp\/v2\/pages\/3092\/revisions\/4386"}],"up":[{"embeddable":true,"href":"https:\/\/www.breconfoods.com\/fr\/wp-json\/wp\/v2\/pages\/3064"}],"wp:attachment":[{"href":"https:\/\/www.breconfoods.com\/fr\/wp-json\/wp\/v2\/media?parent=3092"}],"curies":[{"name":"wp","href":"https:\/\/api.w.org\/{rel}","templated":true}]}}